{"id":1300,"date":"2023-11-22T08:50:30","date_gmt":"2023-11-22T08:50:30","guid":{"rendered":"https:\/\/butembo.uhtec.net\/?page_id=1300"},"modified":"2023-11-22T09:15:18","modified_gmt":"2023-11-22T09:15:18","slug":"don","status":"publish","type":"page","link":"https:\/\/butembo.uhtec.net\/?page_id=1300","title":{"rendered":"Don"},"content":{"rendered":"\t\t<div data-elementor-type=\"wp-page\" data-elementor-id=\"1300\" class=\"elementor elementor-1300\">\n\t\t\t\t<div class=\"elementor-element elementor-element-0f3fb9e e-con-full e-flex e-con e-parent\" data-id=\"0f3fb9e\" data-element_type=\"container\" data-settings=\"{&quot;background_background&quot;:&quot;slideshow&quot;,&quot;background_slideshow_gallery&quot;:[{&quot;id&quot;:1081,&quot;url&quot;:&quot;https:\\\/\\\/butembo.uhtec.net\\\/wp-content\\\/uploads\\\/2023\\\/09\\\/MG_6416.jpg&quot;},{&quot;id&quot;:1092,&quot;url&quot;:&quot;https:\\\/\\\/butembo.uhtec.net\\\/wp-content\\\/uploads\\\/2023\\\/09\\\/PIS0308.jpg&quot;}],&quot;background_slideshow_loop&quot;:&quot;yes&quot;,&quot;background_slideshow_slide_duration&quot;:5000,&quot;background_slideshow_slide_transition&quot;:&quot;fade&quot;,&quot;background_slideshow_transition_duration&quot;:500}\">\n\t\t\t\t<div class=\"elementor-element elementor-element-9c928eb elementor-widget elementor-widget-heading\" data-id=\"9c928eb\" data-element_type=\"widget\" data-widget_type=\"heading.default\">\n\t\t\t\t<div class=\"elementor-widget-container\">\n\t\t\t<h3 class=\"elementor-heading-title elementor-size-default\">Votre don est un acte de foi et de charit\u00e9. Il t\u00e9moigne de votre attachement \u00e0 l'\u00c9glise et de votre volont\u00e9 de contribuer \u00e0 sa mission.<\/h3>\t\t<\/div>\n\t\t\t\t<\/div>\n\t\t\t\t<\/div>\n\t\t<div class=\"elementor-element elementor-element-c0ab6b3 e-flex e-con-boxed e-con e-parent\" data-id=\"c0ab6b3\" data-element_type=\"container\">\n\t\t\t\t\t<div class=\"e-con-inner\">\n\t\t\t\t\t<\/div>\n\t\t\t\t<\/div>\n\t\t<div class=\"elementor-element elementor-element-9691f0e e-flex e-con-boxed e-con e-parent\" data-id=\"9691f0e\" data-element_type=\"container\">\n\t\t\t\t\t<div class=\"e-con-inner\">\n\t\t<div class=\"elementor-element elementor-element-f7e0a0c e-con-full e-flex e-con e-child\" data-id=\"f7e0a0c\" data-element_type=\"container\">\n\t\t\t\t<div class=\"elementor-element elementor-element-f271d36 elementor-widget elementor-widget-image\" data-id=\"f271d36\" data-element_type=\"widget\" data-widget_type=\"image.default\">\n\t\t\t\t<div class=\"elementor-widget-container\">\n\t\t\t\t\t\t\t\t\t\t\t\t\t<img decoding=\"async\" width=\"150\" height=\"150\" src=\"https:\/\/butembo.uhtec.net\/wp-content\/uploads\/2023\/11\/airtel_monay-150x150.png\" class=\"attachment-thumbnail size-thumbnail wp-image-1302\" alt=\"\" srcset=\"https:\/\/butembo.uhtec.net\/wp-content\/uploads\/2023\/11\/airtel_monay-150x150.png 150w, https:\/\/butembo.uhtec.net\/wp-content\/uploads\/2023\/11\/airtel_monay-300x300.png 300w, https:\/\/butembo.uhtec.net\/wp-content\/uploads\/2023\/11\/airtel_monay.png 400w\" sizes=\"(max-width: 150px) 100vw, 150px\" \/>\t\t\t\t\t\t\t\t\t\t\t\t\t<\/div>\n\t\t\t\t<\/div>\n\t\t\t\t<div class=\"elementor-element elementor-element-4ba27e8 elementor-widget elementor-widget-heading\" data-id=\"4ba27e8\" data-element_type=\"widget\" data-widget_type=\"heading.default\">\n\t\t\t\t<div class=\"elementor-widget-container\">\n\t\t\t<h3 class=\"elementor-heading-title elementor-size-default\">+243 994007539<\/h3>\t\t<\/div>\n\t\t\t\t<\/div>\n\t\t\t\t<\/div>\n\t\t<div class=\"elementor-element elementor-element-8f2ad7d e-con-full e-flex e-con e-child\" data-id=\"8f2ad7d\" data-element_type=\"container\">\n\t\t\t\t<div class=\"elementor-element elementor-element-bb4dc77 elementor-widget elementor-widget-text-editor\" data-id=\"bb4dc77\" data-element_type=\"widget\" data-widget_type=\"text-editor.default\">\n\t\t\t\t<div class=\"elementor-widget-container\">\n\t\t\t\t\t\t\t<p data-sourcepos=\"5:1-5:14\">Chers fid\u00e8les,<\/p><p data-sourcepos=\"7:1-7:243\">L&rsquo;\u00c9glise Polyglossa est une communaut\u00e9 de personnes qui se rassemblent pour c\u00e9l\u00e9brer la foi en J\u00e9sus-Christ. Elle est \u00e9galement une institution qui a pour mission d&rsquo;annoncer l&rsquo;\u00c9vangile, de c\u00e9l\u00e9brer les sacrements et de servir les plus d\u00e9munis.<\/p><p data-sourcepos=\"7:1-7:243\">Pour remplir cette mission, l&rsquo;\u00c9glise a besoin de votre soutien financier. Vos dons permettent de financer les activit\u00e9s de l&rsquo;\u00e9glise\u00a0<\/p>\t\t\t\t\t\t<\/div>\n\t\t\t\t<\/div>\n\t\t\t\t<\/div>\n\t\t\t\t\t<\/div>\n\t\t\t\t<\/div>\n\t\t\t\t<\/div>\n\t\t","protected":false},"excerpt":{"rendered":"<p>Votre don est un acte de foi et de charit\u00e9. Il t\u00e9moigne de votre attachement \u00e0 l&rsquo;\u00c9glise et de votre volont\u00e9 de contribuer \u00e0 sa mission. +243 994007539 Chers fid\u00e8les, L&rsquo;\u00c9glise Polyglossa est une communaut\u00e9 de personnes qui se rassemblent pour c\u00e9l\u00e9brer la foi en J\u00e9sus-Christ. Elle est \u00e9galement une institution qui a pour mission [&hellip;]<\/p>\n","protected":false},"author":2,"featured_media":0,"parent":0,"menu_order":0,"comment_status":"closed","ping_status":"closed","template":"","meta":{"site-sidebar-layout":"no-sidebar","site-content-layout":"page-builder","ast-site-content-layout":"full-width-container","site-content-style":"default","site-sidebar-style":"default","ast-global-header-display":"","ast-banner-title-visibility":"","ast-main-header-display":"","ast-hfb-above-header-display":"","ast-hfb-below-header-display":"","ast-hfb-mobile-header-display":"","site-post-title":"disabled","ast-breadcrumbs-content":"","ast-featured-img":"disabled","footer-sml-layout":"","theme-transparent-header-meta":"","adv-header-id-meta":"","stick-header-meta":"","header-above-stick-meta":"","header-main-stick-meta":"","header-below-stick-meta":"","astra-migrate-meta-layouts":"set","ast-page-background-enabled":"default","ast-page-background-meta":{"desktop":{"background-color":"","background-image":"","background-repeat":"repeat","background-position":"center center","background-size":"auto","background-attachment":"scroll","background-type":"","background-media":"","overlay-type":"","overlay-color":"","overlay-opacity":"","overlay-gradient":""},"tablet":{"background-color":"","background-image":"","background-repeat":"repeat","background-position":"center center","background-size":"auto","background-attachment":"scroll","background-type":"","background-media":"","overlay-type":"","overlay-color":"","overlay-opacity":"","overlay-gradient":""},"mobile":{"background-color":"","background-image":"","background-repeat":"repeat","background-position":"center center","background-size":"auto","background-attachment":"scroll","background-type":"","background-media":"","overlay-type":"","overlay-color":"","overlay-opacity":"","overlay-gradient":""}},"ast-content-background-meta":{"desktop":{"background-color":"var(--ast-global-color-5)","background-image":"","background-repeat":"repeat","background-position":"center center","background-size":"auto","background-attachment":"scroll","background-type":"","background-media":"","overlay-type":"","overlay-color":"","overlay-opacity":"","overlay-gradient":""},"tablet":{"background-color":"var(--ast-global-color-5)","background-image":"","background-repeat":"repeat","background-position":"center center","background-size":"auto","background-attachment":"scroll","background-type":"","background-media":"","overlay-type":"","overlay-color":"","overlay-opacity":"","overlay-gradient":""},"mobile":{"background-color":"var(--ast-global-color-5)","background-image":"","background-repeat":"repeat","background-position":"center center","background-size":"auto","background-attachment":"scroll","background-type":"","background-media":"","overlay-type":"","overlay-color":"","overlay-opacity":"","overlay-gradient":""}},"footnotes":""},"class_list":["post-1300","page","type-page","status-publish","hentry"],"_links":{"self":[{"href":"https:\/\/butembo.uhtec.net\/index.php?rest_route=\/wp\/v2\/pages\/1300","targetHints":{"allow":["GET"]}}],"collection":[{"href":"https:\/\/butembo.uhtec.net\/index.php?rest_route=\/wp\/v2\/pages"}],"about":[{"href":"https:\/\/butembo.uhtec.net\/index.php?rest_route=\/wp\/v2\/types\/page"}],"author":[{"embeddable":true,"href":"https:\/\/butembo.uhtec.net\/index.php?rest_route=\/wp\/v2\/users\/2"}],"replies":[{"embeddable":true,"href":"https:\/\/butembo.uhtec.net\/index.php?rest_route=%2Fwp%2Fv2%2Fcomments&post=1300"}],"version-history":[{"count":16,"href":"https:\/\/butembo.uhtec.net\/index.php?rest_route=\/wp\/v2\/pages\/1300\/revisions"}],"predecessor-version":[{"id":1320,"href":"https:\/\/butembo.uhtec.net\/index.php?rest_route=\/wp\/v2\/pages\/1300\/revisions\/1320"}],"wp:attachment":[{"href":"https:\/\/butembo.uhtec.net\/index.php?rest_route=%2Fwp%2Fv2%2Fmedia&parent=1300"}],"curies":[{"name":"wp","href":"https:\/\/api.w.org\/{rel}","templated":true}]}}